{"id":1204,"date":"2024-03-05T14:48:54","date_gmt":"2024-03-05T13:48:54","guid":{"rendered":"https:\/\/yveslescene.com\/?page_id=1204"},"modified":"2025-11-15T09:16:39","modified_gmt":"2025-11-15T08:16:39","slug":"accueil-2","status":"publish","type":"page","link":"https:\/\/yveslescene.com\/?page_id=1204","title":{"rendered":"Arr\u00eat-tabac.net"},"content":{"rendered":"\n<p class=\"has-text-align-center has-large-font-size\" style=\"line-height:2.3\">L&rsquo;ACCOMPAGNEMENT&nbsp;ATN<\/p>\n\n\n\n<hr class=\"wp-block-separator has-alpha-channel-opacity\"\/>\n\n\n\n<p class=\"has-text-align-center\">\u00ab ARRET-TABAC.NET\u00ae \u00bb comporte une pr\u00e9paration, une consultation personnalis\u00e9e et une garantie \u00e0 vie. Voici les d\u00e9tails de l&rsquo;accompagnement :<\/p>\n\n\n\n<h3 class=\"wp-block-heading has-text-align-left\" style=\"font-size:20px\"><strong>Avant la premi\u00e8re s\u00e9ance.   <\/strong>               <\/h3>\n\n\n\n<div class=\"wp-block-columns is-layout-flex wp-container-core-columns-is-layout-9d6595d7 wp-block-columns-is-layout-flex\">\n<div class=\"wp-block-column is-layout-flow wp-block-column-is-layout-flow\" style=\"flex-basis:50%\">\n<div class=\"wp-block-group\"><div class=\"wp-block-group__inner-container is-layout-constrained wp-block-group-is-layout-constrained\">\n<figure class=\"wp-block-image\"><img decoding=\"async\" src=\"https:\/\/www.eric-chienno.fr\/images\/01-accompagnement-atn.jpg\" alt=\"Accompagnement\"\/><\/figure>\n<\/div><\/div>\n<\/div>\n\n\n\n<div class=\"wp-block-column is-layout-flow wp-block-column-is-layout-flow\" style=\"flex-basis:50%\">\n<p style=\"font-size:15px\">D\u00e8s le premier contact t\u00e9l\u00e9phonique, l&rsquo;ensemble de l&rsquo;accompagnement vous sera expliqu\u00e9. Puis le rendez-vous est fix\u00e9.&nbsp;<\/p>\n\n\n\n<p style=\"font-size:15px\">Enfin, vous recevez par mail un acc\u00e8s vous permettant de vous pr\u00e9parer efficacement, \u00e0 votre rythme, au sevrage tabagique, via une plateforme internet (sans avoir besoin d&rsquo;installer de logiciels sur votre ordinateur).<\/p>\n<\/div>\n<\/div>\n\n\n\n<h3 class=\"wp-block-heading\" style=\"font-size:20px\"><strong>La pr\u00e9paration<\/strong><\/h3>\n\n\n\n<div class=\"wp-block-group is-nowrap is-layout-flex wp-container-core-group-is-layout-ad2f72ca wp-block-group-is-layout-flex\">\n<p style=\"font-size:15px\">Avant la rencontre avec votre hypnoth\u00e9rapeute, vous b\u00e9n\u00e9ficiez d&rsquo;un acc\u00e8s r\u00e9serv\u00e9 sur une plateforme internet qui vous permettra de vous pr\u00e9parer efficacement afin de vous permettre d&rsquo;avancer \u00e0 votre rythme.&nbsp;<br><br>Cette pr\u00e9paration est indispensable pour toutes personnes qui souhaitent se lib\u00e9rer d\u00e9finitivement du tabac. Le temps de pr\u00e9paration est d&rsquo;environ 2 \u00e0 3 semaines, \u00e0 raison de quelques minutes par jour.<a href=\"https:\/\/www.eric-chienno.fr\/contact.html\"><\/a><\/p>\n\n\n\n<figure class=\"wp-block-image\"><img decoding=\"async\" src=\"https:\/\/www.eric-chienno.fr\/images\/02-preparation-acces-web-atn.jpg\" alt=\"Pr\u00e9paration\"\/><\/figure>\n<\/div>\n\n\n\n<p><\/p>\n\n\n\n<div class=\"wp-block-group\"><div class=\"wp-block-group__inner-container is-layout-constrained wp-block-group-is-layout-constrained\">\n<h3 class=\"wp-block-heading\" style=\"font-size:20px\"><br><strong>Consultation pour sevrage tabagique d\u00e9finitif<\/strong><\/h3>\n\n\n\n<h3 class=\"wp-block-heading\" style=\"font-size:15px\">Elle est personnalis\u00e9e et individuelle et dure environ 2h. <br>Plusieurs m\u00e9thodes sont associ\u00e9es, raison pour laquelle le taux de r\u00e9ussite est d&rsquo;environ 95%.<\/h3>\n\n\n\n<div class=\"wp-block-group\"><div class=\"wp-block-group__inner-container is-layout-constrained wp-block-group-is-layout-constrained\">\n<div class=\"wp-block-group is-horizontal is-content-justification-left is-nowrap is-layout-flex wp-container-core-group-is-layout-e0598304 wp-block-group-is-layout-flex\" style=\"font-size:15px\">\n<figure class=\"wp-block-image\"><img decoding=\"async\" src=\"https:\/\/www.eric-chienno.fr\/images\/03-consultation-atn.jpg\" alt=\"Consultation\"\/><\/figure>\n\n\n\n<p><strong>Hypnose :<\/strong>&nbsp;Etat naturel et agr\u00e9able destin\u00e9 \u00e0 mobiliser vos ressources inconscientes<br><strong>PNL :<\/strong>&nbsp;C&rsquo;est la Programmation Neuro-Linguistique se caract\u00e9risant par un ensemble de techniques destin\u00e9es \u00e0 programmer un comportement nouveau et sain, dans le but de vous d\u00e9barrasser d\u00e9finitivement de la cigarette.<br><strong>Coh\u00e9rence cardiaque :<\/strong>&nbsp;C&rsquo;est une excellent m\u00e9thode qui agit psychologiquement et physiquement et dont le but est de travailler sur la d\u00e9pendance psychologique. Elle est tr\u00e8s agr\u00e9able, douce, et a \u00e9t\u00e9 l\u00e9g\u00e8rement modifi\u00e9e afin d&rsquo;\u00eatre plus efficace.<\/p>\n<\/div>\n<\/div><\/div>\n<\/div><\/div>\n\n\n\n<h3 class=\"wp-block-heading\" style=\"font-size:20px\"><br><br><br><strong>Apr\u00e8s la s\u00e9ance<\/strong><\/h3>\n\n\n\n<div class=\"wp-block-group is-nowrap is-layout-flex wp-container-core-group-is-layout-ad2f72ca wp-block-group-is-layout-flex\">\n<p style=\"font-size:15px\">Vous \u00eates d\u00e9finitivement lib\u00e9r\u00e9 de ce poison.<br><br>Un acc\u00e8s internet r\u00e9serv\u00e9 accessible 24H\/24 vous permet de profiter de vid\u00e9os sur une dur\u00e9e de 16 jours dans le but de renforcer l&rsquo;efficacit\u00e9 du processus. Par ailleurs, vous b\u00e9n\u00e9ficiez de la<strong> <a href=\"https:\/\/yveslescene.com\/?page_id=817\">garantie \u00e0 vie<\/a><\/strong>.<a href=\"https:\/\/www.eric-chienno.fr\/contact.html\"><\/a><\/p>\n\n\n\n<figure class=\"wp-block-image\"><img decoding=\"async\" src=\"https:\/\/www.eric-chienno.fr\/images\/04-sevrage-reussi-atn.jpg\" alt=\"Sevrage r\u00e9ussi\"\/><\/figure>\n<\/div>\n\n\n\n<p><a href=\"https:\/\/www.eric-chienno.fr\/contact.html\"><\/a><\/p>\n\n\n\n<p><a href=\"https:\/\/www.eric-chienno.fr\/contact.html\"><\/a><\/p>\n\n\n\n<p class=\"has-text-align-center\"><br><br>N\u2019h\u00e9sitez pas \u00e0 me contacter au <strong>0<strong>6 32 90 53 79<\/strong><\/strong> pour plus d\u2019informations.<br>OU<\/p>\n\n\n\n<div class=\"wp-block-buttons is-content-justification-center is-layout-flex wp-container-core-buttons-is-layout-16018d1d wp-block-buttons-is-layout-flex\">\n<div class=\"wp-block-button has-custom-width wp-block-button__width-50 is-style-outline is-style-outline--1\"><a class=\"wp-block-button__link has-white-color has-vivid-red-background-color has-text-color has-background has-custom-font-size wp-element-button\" href=\"https:\/\/yveslescene.com\/?page_id=1087\" style=\"border-radius:43px;font-size:14px\" target=\"_blank\" rel=\"noreferrer noopener\">Je prends RDV en ligne!<\/a><\/div>\n<\/div>\n\n\n\n<p><\/p>\n\n\n<p><meta name=\"google-site-verification\" content=\"aXYbzc0XJyRu9XI5fm0nDHJGkvqI_18rKc_Wab-GFBg\" \/><\/p>","protected":false},"excerpt":{"rendered":"<p>L&rsquo;ACCOMPAGNEMENT&nbsp;ATN \u00ab ARRET-TABAC.NET\u00ae \u00bb comporte une pr\u00e9paration, une consultation personnalis\u00e9e et une garantie \u00e0 vie. Voici les d\u00e9tails de l&rsquo;accompagnement : Avant la premi\u00e8re s\u00e9ance. D\u00e8s le premier contact t\u00e9l\u00e9phonique, l&rsquo;ensemble de l&rsquo;accompagnement vous sera expliqu\u00e9. Puis le rendez-vous est fix\u00e9.&nbsp; Enfin, vous recevez par mail un acc\u00e8s vous permettant de vous pr\u00e9parer efficacement, \u00e0 votre rythme, au sevrage tabagique, via une plateforme internet (sans avoir besoin d&rsquo;installer de logiciels sur votre ordinateur). La pr\u00e9paration &hellip; <\/p>\n<p class=\"link-more\"><a href=\"https:\/\/yveslescene.com\/?page_id=1204\" class=\"more-link\">Continuer la lecture<span class=\"screen-reader-text\"> de &laquo;&nbsp;Arr\u00eat-tabac.net&nbsp;&raquo;<\/span><\/a><\/p>\n","protected":false},"author":3,"featured_media":0,"parent":0,"menu_order":0,"comment_status":"closed","ping_status":"closed","template":"","meta":{"footnotes":""},"class_list":["post-1204","page","type-page","status-publish","hentry"],"_links":{"self":[{"href":"https:\/\/yveslescene.com\/index.php?rest_route=\/wp\/v2\/pages\/1204","targetHints":{"allow":["GET"]}}],"collection":[{"href":"https:\/\/yveslescene.com\/index.php?rest_route=\/wp\/v2\/pages"}],"about":[{"href":"https:\/\/yveslescene.com\/index.php?rest_route=\/wp\/v2\/types\/page"}],"author":[{"embeddable":true,"href":"https:\/\/yveslescene.com\/index.php?rest_route=\/wp\/v2\/users\/3"}],"replies":[{"embeddable":true,"href":"https:\/\/yveslescene.com\/index.php?rest_route=%2Fwp%2Fv2%2Fcomments&post=1204"}],"version-history":[{"count":43,"href":"https:\/\/yveslescene.com\/index.php?rest_route=\/wp\/v2\/pages\/1204\/revisions"}],"predecessor-version":[{"id":1348,"href":"https:\/\/yveslescene.com\/index.php?rest_route=\/wp\/v2\/pages\/1204\/revisions\/1348"}],"wp:attachment":[{"href":"https:\/\/yveslescene.com\/index.php?rest_route=%2Fwp%2Fv2%2Fmedia&parent=1204"}],"curies":[{"name":"wp","href":"https:\/\/api.w.org\/{rel}","templated":true}]}}